{"id":16,"date":"2025-08-26T09:57:19","date_gmt":"2025-08-26T07:57:19","guid":{"rendered":"https:\/\/fotigesz.hu\/?page_id=16"},"modified":"2026-03-17T08:42:19","modified_gmt":"2026-03-17T07:42:19","slug":"allaslehetosegeink","status":"publish","type":"page","link":"https:\/\/fotigesz.hu\/?page_id=16","title":{"rendered":"\u00c1ll\u00e1slehet\u0151s\u00e9geink"},"content":{"rendered":"\n<h3 class=\"wp-block-heading\">\u00c1LL\u00c1SP\u00c1LY\u00c1ZATOK:<\/h3>\n\n\n\n<p class=\"has-larger-font-size\"><a href=\"https:\/\/fotigesz.hu\/?p=533\" data-type=\"link\" data-id=\"https:\/\/fotigesz.hu\/?p=519\">M\u0171szak-vagyongazd\u00e1lkod\u00e1si el\u0151ad\u00f3<\/a><\/p>\n\n\n\n<hr class=\"wp-block-separator has-alpha-channel-opacity\"\/>\n","protected":false},"excerpt":{"rendered":"<p>\u00c1LL\u00c1SP\u00c1LY\u00c1ZATOK: M\u0171szak-vagyongazd\u00e1lkod\u00e1si el\u0151ad\u00f3<\/p>\n","protected":false},"author":1,"featured_media":0,"parent":0,"menu_order":0,"comment_status":"closed","ping_status":"closed","template":"","meta":{"footnotes":""},"class_list":["post-16","page","type-page","status-publish","hentry","post-preview"],"_links":{"self":[{"href":"https:\/\/fotigesz.hu\/index.php?rest_route=\/wp\/v2\/pages\/16","targetHints":{"allow":["GET"]}}],"collection":[{"href":"https:\/\/fotigesz.hu\/index.php?rest_route=\/wp\/v2\/pages"}],"about":[{"href":"https:\/\/fotigesz.hu\/index.php?rest_route=\/wp\/v2\/types\/page"}],"author":[{"embeddable":true,"href":"https:\/\/fotigesz.hu\/index.php?rest_route=\/wp\/v2\/users\/1"}],"replies":[{"embeddable":true,"href":"https:\/\/fotigesz.hu\/index.php?rest_route=%2Fwp%2Fv2%2Fcomments&post=16"}],"version-history":[{"count":25,"href":"https:\/\/fotigesz.hu\/index.php?rest_route=\/wp\/v2\/pages\/16\/revisions"}],"predecessor-version":[{"id":536,"href":"https:\/\/fotigesz.hu\/index.php?rest_route=\/wp\/v2\/pages\/16\/revisions\/536"}],"wp:attachment":[{"href":"https:\/\/fotigesz.hu\/index.php?rest_route=%2Fwp%2Fv2%2Fmedia&parent=16"}],"curies":[{"name":"wp","href":"https:\/\/api.w.org\/{rel}","templated":true}]}}