{"id":11,"date":"2023-03-23T11:58:21","date_gmt":"2023-03-23T10:58:21","guid":{"rendered":"https:\/\/fotigesz.hu\/?page_id=11"},"modified":"2026-01-14T15:41:33","modified_gmt":"2026-01-14T14:41:33","slug":"gazdalkodas","status":"publish","type":"page","link":"https:\/\/fotigesz.hu\/?page_id=11","title":{"rendered":"Gazd\u00e1lkod\u00e1s"},"content":{"rendered":"\n<figure class=\"wp-block-table\"><table><tbody><tr><td><a href=\"https:\/\/fotigesz.hu\/?p=163\">K\u00f6z\u00e9rdek\u0171 adatok kezel\u00e9s\u00e9r\u0151l \u00e9s ig\u00e9nyl\u00e9s\u00e9r\u0151l<\/a><\/td><\/tr><tr><td><a href=\"https:\/\/fotigesz.hu\/wp-content\/uploads\/2023\/04\/Honlapra-szemelyi-es-beradataok-2016-2020.pdf\">Szem\u00e9lyi \u00e9s b\u00e9radatok 2024<\/a><br><br><a href=\"https:\/\/fotigesz.hu\/wp-content\/uploads\/2023\/04\/Honlapra-szemelyi-es-beradataok-2016-2020.pdf\">Szem\u00e9lyi \u00e9s b\u00e9radatok 2016-2020<\/a><\/td><\/tr><tr><td><a href=\"https:\/\/fot.hu\/kozerdeku-adatok\/\">K\u00f6zbeszerz\u00e9si inform\u00e1ci\u00f3k<\/a> <br>A GESZ k\u00f6zbeszerz\u00e9seit F\u00f3t V\u00e1ros \u00d6nkorm\u00e1nyzata bonyol\u00edtja le<\/td><\/tr><tr><td><a href=\"https:\/\/fotigesz.hu\/?p=173\">Eur\u00f3pai Uni\u00f3s fejleszt\u00e9sek<\/a><\/td><\/tr><tr><td><a href=\"https:\/\/fotigesz.hu\/?p=176\">Nem alapell\u00e1t\u00e1sra ford\u00edtott 5M Ft-ot meghalad\u00f3 kifizet\u00e9sek<\/a><\/td><\/tr><tr><td><a href=\"https:\/\/fotigesz.hu\/?p=180\">Koncesszi\u00f3r\u00f3l sz\u00f3l\u00f3 t\u00f6rv\u00e9nyben meghat\u00e1rozott nyilv\u00e1nos adatok<\/a><\/td><\/tr><tr><td><a href=\"https:\/\/fotigesz.hu\/?p=183\">Szerz\u0151d\u00e9sek<\/a><\/td><\/tr><tr><td><a href=\"https:\/\/fotigesz.hu\/?p=188\">K\u00f6lts\u00e9gvet\u00e9si t\u00e1mogat\u00e1s<\/a><\/td><\/tr><tr><td><a href=\"https:\/\/fotigesz.hu\/?p=191\">Foglalkoztatottak l\u00e9tsz\u00e1ma, szem\u00e9lyi juttat\u00e1sok<\/a><\/td><\/tr><tr><td><a href=\"https:\/\/fotigesz.hu\/?p=141\">K\u00f6lts\u00e9gvet\u00e9s,z\u00e1rsz\u00e1mad\u00e1s<\/a><\/td><\/tr><\/tbody><\/table><\/figure>\n","protected":false},"excerpt":{"rendered":"<p>K\u00f6z\u00e9rdek\u0171 adatok kezel\u00e9s\u00e9r\u0151l \u00e9s ig\u00e9nyl\u00e9s\u00e9r\u0151l Szem\u00e9lyi \u00e9s b\u00e9radatok 2024 Szem\u00e9lyi \u00e9s b\u00e9radatok 2016-2020 K\u00f6zbeszerz\u00e9si inform\u00e1ci\u00f3k A GESZ k\u00f6zbeszerz\u00e9seit F\u00f3t V\u00e1ros \u00d6nkorm\u00e1nyzata bonyol\u00edtja le Eur\u00f3pai Uni\u00f3s fejleszt\u00e9sek Nem alapell\u00e1t\u00e1sra ford\u00edtott 5M Ft-ot meghalad\u00f3 kifizet\u00e9sek Koncesszi\u00f3r\u00f3l sz\u00f3l\u00f3 t\u00f6rv\u00e9nyben meghat\u00e1rozott nyilv\u00e1nos adatok Szerz\u0151d\u00e9sek K\u00f6lts\u00e9gvet\u00e9si t\u00e1mogat\u00e1s Foglalkoztatottak l\u00e9tsz\u00e1ma, szem\u00e9lyi juttat\u00e1sok K\u00f6lts\u00e9gvet\u00e9s,z\u00e1rsz\u00e1mad\u00e1s<\/p>\n","protected":false},"author":1,"featured_media":0,"parent":0,"menu_order":0,"comment_status":"closed","ping_status":"closed","template":"","meta":{"footnotes":""},"class_list":["post-11","page","type-page","status-publish","hentry","post-preview"],"_links":{"self":[{"href":"https:\/\/fotigesz.hu\/index.php?rest_route=\/wp\/v2\/pages\/11","targetHints":{"allow":["GET"]}}],"collection":[{"href":"https:\/\/fotigesz.hu\/index.php?rest_route=\/wp\/v2\/pages"}],"about":[{"href":"https:\/\/fotigesz.hu\/index.php?rest_route=\/wp\/v2\/types\/page"}],"author":[{"embeddable":true,"href":"https:\/\/fotigesz.hu\/index.php?rest_route=\/wp\/v2\/users\/1"}],"replies":[{"embeddable":true,"href":"https:\/\/fotigesz.hu\/index.php?rest_route=%2Fwp%2Fv2%2Fcomments&post=11"}],"version-history":[{"count":24,"href":"https:\/\/fotigesz.hu\/index.php?rest_route=\/wp\/v2\/pages\/11\/revisions"}],"predecessor-version":[{"id":505,"href":"https:\/\/fotigesz.hu\/index.php?rest_route=\/wp\/v2\/pages\/11\/revisions\/505"}],"wp:attachment":[{"href":"https:\/\/fotigesz.hu\/index.php?rest_route=%2Fwp%2Fv2%2Fmedia&parent=11"}],"curies":[{"name":"wp","href":"https:\/\/api.w.org\/{rel}","templated":true}]}}