{"id":10,"date":"2023-03-23T11:58:21","date_gmt":"2023-03-23T10:58:21","guid":{"rendered":"https:\/\/fotigesz.hu\/?page_id=10"},"modified":"2026-01-14T15:39:11","modified_gmt":"2026-01-14T14:39:11","slug":"tevekenysegmukodes","status":"publish","type":"page","link":"https:\/\/fotigesz.hu\/?page_id=10","title":{"rendered":"Tev\u00e9kenys\u00e9g,m\u0171k\u00f6d\u00e9s"},"content":{"rendered":"\n<figure class=\"wp-block-table\"><table><tbody><tr><td><a href=\"https:\/\/fotigesz.hu\/wp-content\/uploads\/2026\/01\/Szervezeti-es-Mukodesi-Szabalyzat-\u2013-Foti-Gazdasagi-Ellato-szervezet.pdf\">Szervezeti \u00e9s M\u0171k\u00f6d\u00e9si Szab\u00e1lyzat<\/a><\/td><\/tr><tr><td><a href=\"https:\/\/fotigesz.hu\/?p=163\">K\u00f6z\u00e9rdek\u0171 adatok ig\u00e9nyl\u00e9se<\/a><\/td><\/tr><tr><td><a href=\"https:\/\/fotigesz.hu\/?p=145\">K\u00f6z\u00e9rdek\u0171 adatok hasznos\u00edt\u00e1s\u00e1ra ir\u00e1nyul\u00f3 szerz\u0151d\u00e9sek<\/a><\/td><\/tr><tr><td><a href=\"https:\/\/fotigesz.hu\/?p=149\">Vizsg\u00e1latok, ellen\u0151rz\u00e9sek<\/a><\/td><\/tr><tr><td><a href=\"https:\/\/fotigesz.hu\/?p=153\">P\u00e1ly\u00e1zatok,ki\u00edr\u00e1sok,eredm\u00e9nyek<\/a><\/td><\/tr><tr><td><a href=\"https:\/\/fotigesz.hu\/wp-content\/uploads\/2025\/05\/KAPCSOLODO-KOLTSEGVETESI-SZERVEK.docx\">Kapcsol\u00f3d\u00f3 k\u00f6lts\u00e9gvet\u00e9si szervek<\/a><\/td><\/tr><tr><td><a href=\"https:\/\/fotigesz.hu\/wp-content\/uploads\/2026\/01\/Alapito-Okirat-20251009-Foti-Gazdasagi-Ellato-Szervezet.pdf\">Alap\u00edt\u00f3 Okirat<\/a><\/td><\/tr><\/tbody><\/table><\/figure>\n","protected":false},"excerpt":{"rendered":"<p>Szervezeti \u00e9s M\u0171k\u00f6d\u00e9si Szab\u00e1lyzat K\u00f6z\u00e9rdek\u0171 adatok ig\u00e9nyl\u00e9se K\u00f6z\u00e9rdek\u0171 adatok hasznos\u00edt\u00e1s\u00e1ra ir\u00e1nyul\u00f3 szerz\u0151d\u00e9sek Vizsg\u00e1latok, ellen\u0151rz\u00e9sek P\u00e1ly\u00e1zatok,ki\u00edr\u00e1sok,eredm\u00e9nyek Kapcsol\u00f3d\u00f3 k\u00f6lts\u00e9gvet\u00e9si szervek Alap\u00edt\u00f3 Okirat<\/p>\n","protected":false},"author":1,"featured_media":0,"parent":0,"menu_order":0,"comment_status":"closed","ping_status":"closed","template":"","meta":{"footnotes":""},"class_list":["post-10","page","type-page","status-publish","hentry","post-preview"],"_links":{"self":[{"href":"https:\/\/fotigesz.hu\/index.php?rest_route=\/wp\/v2\/pages\/10","targetHints":{"allow":["GET"]}}],"collection":[{"href":"https:\/\/fotigesz.hu\/index.php?rest_route=\/wp\/v2\/pages"}],"about":[{"href":"https:\/\/fotigesz.hu\/index.php?rest_route=\/wp\/v2\/types\/page"}],"author":[{"embeddable":true,"href":"https:\/\/fotigesz.hu\/index.php?rest_route=\/wp\/v2\/users\/1"}],"replies":[{"embeddable":true,"href":"https:\/\/fotigesz.hu\/index.php?rest_route=%2Fwp%2Fv2%2Fcomments&post=10"}],"version-history":[{"count":13,"href":"https:\/\/fotigesz.hu\/index.php?rest_route=\/wp\/v2\/pages\/10\/revisions"}],"predecessor-version":[{"id":503,"href":"https:\/\/fotigesz.hu\/index.php?rest_route=\/wp\/v2\/pages\/10\/revisions\/503"}],"wp:attachment":[{"href":"https:\/\/fotigesz.hu\/index.php?rest_route=%2Fwp%2Fv2%2Fmedia&parent=10"}],"curies":[{"name":"wp","href":"https:\/\/api.w.org\/{rel}","templated":true}]}}